{"id":87,"date":"2023-12-05T14:38:54","date_gmt":"2023-12-05T13:38:54","guid":{"rendered":"https:\/\/haus-meilinger.at\/si\/?page_id=87"},"modified":"2023-12-06T13:44:31","modified_gmt":"2023-12-06T12:44:31","slug":"destinacije","status":"publish","type":"page","link":"https:\/\/www.haus-meilinger.at\/si\/destinacije\/","title":{"rendered":"Destinacije"},"content":{"rendered":"\n<section class=\"wp-block-group has-global-padding is-layout-constrained wp-block-group-is-layout-constrained\">\n<h2 class=\"wp-block-heading\">Destinacije<\/h2>\n\n\n\n<h3 class=\"wp-block-heading\">To\u010dno na sredini namesto samo!<\/h3>\n\n\n\n<p><strong>Izberite destinacijo za enodnevni izlet&#8230;<\/strong><br>Haus Meilinger v Obertauernu je va\u0161e idealno izhodi\u0161\u010de za edinstvene dnevne izlete \u2013 izberite svojo destinacijo. Tukaj ponujene povezave prihajajo iz razli\u010dnih informacijskih storitev, ki jih z veseljem posredujemo tukaj kot storitev. Z veseljem odgovorimo na vsa va\u0161a vpra\u0161anja o ciljih.<\/p>\n\n\n\n<h3 class=\"wp-block-heading\">Do\u017eivetje narave<\/h3>\n\n\n\n<p><strong>Tauernpark adventure, Untertauern: razdalja cca 10 km<\/strong><br>Park se razprostira na 6 ha in je dom 35 vrstam divjih \u017eivali v zunanjih ogradah. Tam se lahko sprehodite in vidite navadne jelene, damjake, sika jelene, \u0161kotsko vi\u0161avsko govedo, svizce, muflone, koze, 6 vrst rac, bobre in ribe, zajce in bantame.<\/p>\n\n\n\n<p><strong>Salzburger Eisriesenwelt, Werfen: oddaljenost pribli\u017eno 45 km<\/strong><br>Najve\u010dja ledena jama na svetu. Do\u017eivite gore na druga\u010den na\u010din. Odkrijte \u010dude\u017ee najve\u010dje ledene jame na svetu. Videli boste ledene pala\u010de kristalno \u010diste lepote, ki vas bodo popeljale v zimski ledeni svet tudi v vro\u010dih poletnih dneh. Ogromen jamski portal, \u0161irok 20 m in visok 18 m, se vidi \u017ee od dale\u010d. Celoten jamski sistem se razteza na 42 km v dol\u017eino, pri \u010demer prvi del, dolg pribli\u017eno 1 km, vsebuje ogromne ledene tvorbe. Ta del ustreza tudi delu razstavne jame, ki je dostopen javnosti preko vodenih ogledov.<\/p>\n\n\n\n<p><strong>Liechtensteinklamm, St. Johann: Razdalja pribli\u017eno 45 km<\/strong><br>V osr\u010dju Salzbur\u0161ke de\u017eele si lahko ustvarite lasten vtis o Liechtensteinklamm, kjer boste na\u0161li ne le eno najlep\u0161ih, temve\u010d tudi eno najglobljih in najdalj\u0161ih sotesk v alpskem svetu.<\/p>\n\n\n\n<p><strong>Visokogorska cesta Gro\u00dfglockner: Dnevna tura<\/strong><br>Gro\u00dfglockner (3798 m) je najvi\u0161ja avstrijska gora in se nahaja v najve\u010djem evropskem alpskem narodnem parku. Dominira nad najmogo\u010dnej\u0161im avstrijskim gorovjem, Visokimi Turami, in se dviga nad najdalj\u0161im in najbolj gladkim ledenikom v vzhodnih Alpah, Pasterze. Visokogorska cesta Gro\u00dfglockner, verjetno najbolj znana panoramska cesta v Evropi, je odprla to fascinantno visokogorsko pokrajino.<\/p>\n\n\n\n<p><strong>Rudnik soli Hallein \/ D\u00fcrrnberg: Oddaljenost pribli\u017eno 75 km<\/strong><br>Potovanje skozi \u010das v rudnikih soli Salzburg\/Bad D\u00fcrrnberg vodi do korenin mesta Salzburg. Edinstveno popotovanje skozi \u010das v globine solnih svetov se za\u010dne s predajo rudarske no\u0161e. Ves v belem se z vlakcem zapelje\u0161 v rove rudnika soli. Na gladko zlo\u0161\u010denih toboganih greste iz enega nadstropja v drugo v osr\u010dje gore. Rudni\u0161ki vodnik zelo nazorno razlo\u017ei svet pod zemljo in celotna skupina pod zemljo pre\u010dka nekdanjo mejo z Nem\u010dijo. S raftom drsite nad podzemnim slanim jezerom, obdanim z misti\u010dnim oblakom zvoka.<\/p>\n\n\n\n<h3 class=\"wp-block-heading\">Gradovi in \u200b\u200bpala\u010de<\/h3>\n\n\n\n<p><strong>Do\u017eivetje gradu Mauterndorf: Razdalja cca 20 km<\/strong><br>V trezorjih, dvoranah in sobanah se obiskovalec, \u017eeljen izku\u0161enj, potepa skozi dan \u017eivljenja salzbur\u0161kega princa nad\u0161kofa Leonharda von Keutschach. Pi\u0161e se leto 1498 \u2013 \u010das preobrata iz srednjega veka v sodobnost. To spektakularno potovanje skozi \u010das zaokro\u017eimo z obiskom krajinskega muzeja Lungau ali prijetnega Burgsch\u00e4nke. Za mlaj\u0161e obiskovalce je na voljo edinstveno vite\u0161ko igri\u0161\u010de! Novo iz leta 2003: &#8220;Obrambni stolp je \u017eiv!&#8221;<\/p>\n\n\n\n<p><strong>Grad Moosham, Unternberg: Razdalja pribli\u017eno 30 km<\/strong><br>Grad v zasebni lasti je zgovorna pri\u010da o srednjeve\u0161ki dru\u017ebeni ureditvi de\u017eele Salzburg.<\/p>\n\n\n\n<p><strong>Pustolovski grad Hohenwerfen: Razdalja cca 45 km<\/strong><br>Grad Hohenwerfen se dviga nad dolino Salzach kot strate\u0161ki branik na 155 metrov visokem markantnem skalnem sto\u017ecu, pribli\u017eno 40 km ju\u017eno od mesta Salzburg. Posebna zanimivost je zgodovinski Landesfalkenhof z dnevnimi demonstracijami letenja razli\u010dnih ptic ujed.<\/p>\n\n\n\n<p><strong>Trdnjava Hohensalzburg: Razdalja cca 90 km<\/strong><br>Leta 1077 jo je zgradil princ Gebhard I. iz Helffensteina po sporu o investituri med nem\u0161kim cesarjem Henrikom IV. in pape\u017eem Gregorjem. Nad\u0161kof Gebhard je bil leta 1085 prisiljen v izgnanstvo in njegovi grajski na\u010drti so bili dokon\u010dani \u0161ele pod njegovimi nasledniki. Danes velja za najve\u010djo evropsko trdnjavo z ve\u010d kot 14.000 m\u00b2 gradbenih povr\u0161in.<\/p>\n\n\n\n<p><strong>Kne\u017eje nad\u0161kofova rezidenca v Salzburgu: oddaljenost cca 90 km<\/strong><br>Rezidenco, ki je bila stoletja kraljevsko predstavni\u0161tvo, je v 16. stoletju zgradil princ-nad\u0161kof Wolf Dietrich von Raitenau in je zdaj v lasti de\u017eele Salzburg. Tudi sam Wolfgang Amadeus Mozart je regentu redno predvajal glasbo v sve\u010danih prostorih salzbur\u0161ke rezidence. Salzbur\u0161ka rezidenca je danes ena zgodovinsko najbolj dragocenih stavb v starem mestnem jedru Salzburga.<\/p>\n\n\n\n<p><strong>Pala\u010da Hellbrunn: Razdalja cca 90 km<\/strong><br>Pri\u010dakujejo vas svetovno znane vodne znamenitosti, najlep\u0161a pala\u010da u\u017eitkov severno od Alp in prostran park. Vodnjaki in grajsko poslopje se v skoraj 400 letih, odkar so bili zgrajeni, skorajda niso spremenili. Obse\u017een park, ki obsega ve\u010d kot 60 hektarjev, velja za primer vrhunske vrtne arhitekture. Kot ga vidite danes, ga je salzbur\u0161ki nad\u0161kof Markus Sittikus dal urediti po vzoru italijanskih vrtov za u\u017eivanje.<\/p>\n\n\n\n<h3 class=\"wp-block-heading\">Zgodovina in muzeji<\/h3>\n\n\n\n<p><strong>Getreidegasse, Salzburg: Razdalja pribli\u017eno 90 km<\/strong><br>Getreidegasse je bila v rimskih \u010dasih pomembna prometna pot. Do vladavine nad\u0161kofa Wolfa Dietricha von Raitenaua (1587-1612) je bila aleja edina prometna \u017eila skozi mesto in proti Bavarski. Getreidegasse svojo mednarodno slavo dolguje Mozartu. V Getreidegasse \u0161t. 9 je pri\u0161el 27. januarja. Leta 1756 se je rodil svetovno znani skladatelj Wolfgang Amadeus Mozart. Getreidegasse danes velja za najbolj znano salzbur\u0161ko nakupovalno ulico, njenega \u0161arma ne \u010drpajo le iz visokih, ozkih in tesno stisnjenih hi\u0161, mamljivih trgovin in cehovskih napisov iz kovanega \u017eeleza, temve\u010d tudi iz romanti\u010dnih prehodov in notranjih dvori\u0161\u010d.<\/p>\n\n\n\n<p><strong>Salzbur\u0161ki muzej na prostem, Gro\u00dfgmain: Razdalja pribli\u017eno 90 km<\/strong><br>Odkrijte nove stvari v starem! Do\u017eivetje na prostem&#8230; V Salzbur\u0161kem muzeju na prostem, sredi naravnega parka Untersberg, lahko izveste vse o pode\u017eelski gradnji in bivalni kulturi de\u017eele Salzburg od 16. do 20. stoletja. 60 kmetij, skednjev, mlinov, obrtni\u0161kih hi\u0161, plan\u0161arnikov iz 5 stoletij ter stalne in posebne razstave, vredne ogleda, raznovrstni dogodki in predstavitve obrti naredijo va\u0161 obisk ene najve\u010djih znamenitosti v bli\u017eini mesta Salzburg nepozabno do\u017eivetje.<\/p>\n\n\n\n<p><strong>\u0160tajerski muzej lesa, St.Ruprecht: Razdalja cca 50 km<\/strong><br>Muzej lesa je nastal iz ideje, da bi lesu dali ve\u010dji pomen v \u017eivljenju sodobnega \u010dloveka. Z leseno gradbeno hi\u0161o, gozdarskim stolpom, arboretumom, igri\u0161\u010dem&#8230;<\/p>\n\n\n\n<p><strong>Porsche Automuseum, Gm\u00fcnd: Razdalja pribli\u017eno 55 km<\/strong><br>Od leta 1944 do 1950 je bil v Gm\u00fcndu delovni kraj prof. dr. ing. h. c. Ferdinand Porsche. Tu je bil izdelan prvi avtomobil z imenom &#8220;Porsche&#8221; &#8211; legendarni Porsche 356. Ta prvi tip je bil izdelan v tovarni Gm\u00fcnd, ki jo je izdelovalo 300 zaposlenih, 44 kupejev in 8 kabrioletov.<\/p>\n\n\n\n<p><strong>Rudnik srebra Ramingstein: Oddaljenost cca 35 km<\/strong><br>Ve\u010dina \u0161tevilnih ustnih lukenj srednjeve\u0161kega rudnika srebra Ramingstein je z leti propadla, nekatere pa so ostale odprte do danes in vzbujajo radovednost zbirateljev mineralov in tistih, ki jih rudarjenje zanima.<\/p>\n\n\n\n<p><strong>Parni vlak Lungau: Razdalja pribli\u017eno 20 km<\/strong><br>\u010cista nostalgija za mlade in stare \u2013 z idili\u010dnimi parnimi vlaki v in skozi Lungau. Trasa Taurachbahn: Mauterndorf &#8211; St. Andr\u00e4 &#8211; Mauterndorf.<\/p>\n<\/section>\n","protected":false},"excerpt":{"rendered":"<p>Destinacije To\u010dno na sredini namesto samo! Izberite destinacijo za enodnevni izlet&#8230;Haus Meilinger v Obertauernu je va\u0161e idealno izhodi\u0161\u010de za edinstvene dnevne izlete \u2013 izberite svojo destinacijo. Tukaj ponujene povezave prihajajo iz razli\u010dnih informacijskih storitev, ki jih z veseljem posredujemo tukaj kot storitev. Z veseljem odgovorimo na vsa va\u0161a vpra\u0161anja o ciljih. Do\u017eivetje narave Tauernpark adventure, [&hellip;]<\/p>\n","protected":false},"author":1,"featured_media":0,"parent":0,"menu_order":0,"comment_status":"closed","ping_status":"closed","template":"","meta":{"footnotes":""},"aioseo_notices":[],"_links":{"self":[{"href":"https:\/\/www.haus-meilinger.at\/si\/wp-json\/wp\/v2\/pages\/87"}],"collection":[{"href":"https:\/\/www.haus-meilinger.at\/si\/wp-json\/wp\/v2\/pages"}],"about":[{"href":"https:\/\/www.haus-meilinger.at\/si\/wp-json\/wp\/v2\/types\/page"}],"author":[{"embeddable":true,"href":"https:\/\/www.haus-meilinger.at\/si\/wp-json\/wp\/v2\/users\/1"}],"replies":[{"embeddable":true,"href":"https:\/\/www.haus-meilinger.at\/si\/wp-json\/wp\/v2\/comments?post=87"}],"version-history":[{"count":3,"href":"https:\/\/www.haus-meilinger.at\/si\/wp-json\/wp\/v2\/pages\/87\/revisions"}],"predecessor-version":[{"id":195,"href":"https:\/\/www.haus-meilinger.at\/si\/wp-json\/wp\/v2\/pages\/87\/revisions\/195"}],"wp:attachment":[{"href":"https:\/\/www.haus-meilinger.at\/si\/wp-json\/wp\/v2\/media?parent=87"}],"curies":[{"name":"wp","href":"https:\/\/api.w.org\/{rel}","templated":true}]}}