{"id":85,"date":"2023-12-05T14:37:45","date_gmt":"2023-12-05T13:37:45","guid":{"rendered":"https:\/\/haus-meilinger.at\/si\/?page_id=85"},"modified":"2023-12-06T13:25:52","modified_gmt":"2023-12-06T12:25:52","slug":"aktivnosti-v-prostem-casu","status":"publish","type":"page","link":"https:\/\/www.haus-meilinger.at\/si\/aktivnosti-v-prostem-casu\/","title":{"rendered":"Aktivnosti v prostem \u010dasu"},"content":{"rendered":"\n<section class=\"wp-block-group single-track sparetime-activities has-global-padding is-layout-constrained wp-block-group-is-layout-constrained\">\n<h2 class=\"wp-block-heading\">Aktivnosti v prostem \u010dasu<\/h2>\n\n\n\n<div class=\"wp-block-columns is-layout-flex wp-container-core-columns-layout-1 wp-block-columns-is-layout-flex\">\n<div class=\"wp-block-column is-layout-flow wp-block-column-is-layout-flow\">\n<p><strong>4-sede\u017enica Gr\u00fcnwaldkopf Obertauern<\/strong><br>Udobna sede\u017enica vas varno in hitro popelje v \u010dudovite gore in \u010dudovita gorska jezera. Izhodi\u0161\u010de za lahke pohode, panoramski razgledi, tri gorska jezera, gorska restavracija z otro\u0161kim igri\u0161\u010dem na Gr\u00fcnwaldseeju, prevoz koles in vozi\u010dkov je brezpla\u010den, psi so dovoljeni, SalzburgerLand Card velja. Sede\u017enica je na nasprotnem pobo\u010dju.<\/p>\n<\/div>\n\n\n\n<div class=\"wp-block-column is-layout-flow wp-block-column-is-layout-flow\">\n<figure class=\"wp-block-image size-full caption-bottom\"><img decoding=\"async\" src=\"https:\/\/www.haus-meilinger.at\/wp-content\/uploads\/2023\/11\/Gruenwaldkopf.png\" alt=\"Udobna 4-sede\u017enica na Gr\u00fcnwaldkopf v Obertauernu: panoramski razgledi, tri gorska jezera, gorska restavracija\" class=\"wp-image-666\"\/><figcaption class=\"wp-element-caption\">Gr\u00fcnwaldkopf<\/figcaption><\/figure>\n<\/div>\n<\/div>\n\n\n\n<div class=\"wp-block-columns is-layout-flex wp-container-core-columns-layout-2 wp-block-columns-is-layout-flex\">\n<div class=\"wp-block-column is-layout-flow wp-block-column-is-layout-flow\">\n<p><strong>Planinstvo in pohodni\u0161tvo<\/strong><br>Naj gre za plezanje na strme gorske vrhove ali za lagoden pohod do ene od rustikalnih plan\u0161arskih ko\u010d ali zato\u010di\u0161\u010d. Dan v gorah in po poteh po cveto\u010dih poletnih travnikih s svetlo modrim nebom vam po\u017eene srce! Slanina z doma\u010do \u0161nopsom ali pinjenec in sirov kruh na\u0161ih kmetov \u2013 ko prija, tako se \u017eivi. Obstaja tudi ve\u010d pohodni\u0161kih tur, kjer lahko \u0161e posebej u\u017eivate v dih jemajo\u010di gorski panorami. \u010ce \u017eelite, vam lahko ponudimo profesionalne planinske ture.<\/p>\n<\/div>\n\n\n\n<div class=\"wp-block-column is-layout-flow wp-block-column-is-layout-flow\">\n<figure class=\"wp-block-image size-full caption-bottom\"><img decoding=\"async\" src=\"https:\/\/www.haus-meilinger.at\/wp-content\/uploads\/2023\/11\/Wandertouren.png\" alt=\"Pohodni\u0161ke ture v Obertauernu v Salzbur\u0161ki de\u017eeli\" class=\"wp-image-682\"\/><figcaption class=\"wp-element-caption\">Pohodni\u0161ke ture<\/figcaption><\/figure>\n<\/div>\n<\/div>\n\n\n\n<div class=\"wp-block-columns is-layout-flex wp-container-core-columns-layout-3 wp-block-columns-is-layout-flex\">\n<div class=\"wp-block-column is-layout-flow wp-block-column-is-layout-flow\">\n<p><strong>Motoristi\u010dne ture, gorsko kolesarjenje in kolesarjenje<\/strong><br>Razi\u0161\u010dite gore in jezera Radst\u00e4dter Tauern &#8211; brez te\u017eav s kolesi hotela Gasthof Sailer. Naj gre za te\u017eke ture za izku\u0161ene gorske kolesarje ali enostavno kolesarjenje po bujnih travnikih v Taurachtalu \u2013 oboje je pri nas mo\u017eno. Ali pa izlet z motorjem po na\u0161i prelepi domovini ali v sosednje de\u017eele \u2013 Obertauern je idealen kraj za \u010dudovite dnevne ture.<\/p>\n<\/div>\n\n\n\n<div class=\"wp-block-column is-layout-flow wp-block-column-is-layout-flow\">\n<figure class=\"wp-block-image size-full caption-bottom\"><img decoding=\"async\" src=\"https:\/\/www.haus-meilinger.at\/wp-content\/uploads\/2023\/11\/Mountainbiken.png\" alt=\"Motoristi\u010dne ture, gorsko kolesarjenje in kolesarjenje po Radst\u00e4dter Tauern v Salzbur\u0161ki de\u017eeli\" class=\"wp-image-687\"\/><figcaption class=\"wp-element-caption\">Gorsko kolesarjenje<\/figcaption><\/figure>\n<\/div>\n<\/div>\n\n\n\n<div class=\"wp-block-columns is-layout-flex wp-container-core-columns-layout-4 wp-block-columns-is-layout-flex\">\n<div class=\"wp-block-column is-layout-flow wp-block-column-is-layout-flow\">\n<p><strong>Igranje golfa<\/strong><br>Obertauern je idealno izhodi\u0161\u010de za golfiste, ki ljubijo raznolikost. Le kak\u0161nih 20 km ju\u017eneje je GC St. Michael, severno pa s svojim slavnim birdy jetom GC Radstadt, kjer je delal Karl-Heinz G\u00f6gele. \u0160e 15 km stran je GC Haus, ki ga je zasnoval Bernhard Langer. Toda \u0161tevilna druga golf igri\u0161\u010da so dosegljiva v le nekaj minutah vo\u017enje z avtomobilom &#8211; \u017eelimo vam prijetno igro!<\/p>\n<\/div>\n\n\n\n<div class=\"wp-block-column is-layout-flow wp-block-column-is-layout-flow\">\n<figure class=\"wp-block-image size-full caption-bottom\"><img decoding=\"async\" src=\"https:\/\/www.haus-meilinger.at\/wp-content\/uploads\/2023\/11\/Golfen.png\" alt=\"Igranje golfa v Obertauernu v Salzbur\u0161ki de\u017eeli\" class=\"wp-image-688\"\/><figcaption class=\"wp-element-caption\">Igranje golfa<\/figcaption><\/figure>\n<\/div>\n<\/div>\n\n\n\n<div class=\"wp-block-columns is-layout-flex wp-container-core-columns-layout-5 wp-block-columns-is-layout-flex\">\n<div class=\"wp-block-column is-layout-flow wp-block-column-is-layout-flow\">\n<p><strong>Tek in hoja<\/strong><br>Vi\u0161inski trening za vsakogar, primeren za vse stopnje sposobnosti. be\u017ei! U\u017eivajte! Priti v formo! Napolnite se s kisikom, u\u017eivajte v \u010disti naravi! Obstajajo kraji na svetu, kjer se \u010das ustavi. Trenutki za u\u017eivanje. Trenutki za tek brez pogleda na uro. Vi\u0161inski trening kot priprava na tekmovanje ali preprosto za sprostitev \u0161portnih ambicij. Ob odkrivanju skrivnosti Obertauerna se lahko zabavate na razgibanih naravnih in planinskih poteh. Obertauern je posebna teka\u0161ka izku\u0161nja.<\/p>\n<\/div>\n\n\n\n<div class=\"wp-block-column is-layout-flow wp-block-column-is-layout-flow\"><\/div>\n<\/div>\n\n\n\n<div class=\"wp-block-columns is-layout-flex wp-container-core-columns-layout-6 wp-block-columns-is-layout-flex\">\n<div class=\"wp-block-column is-layout-flow wp-block-column-is-layout-flow\">\n<p><strong>Ribolov<\/strong><br>Veliki in mali ribi\u010di bodo pri\u0161li na svoj denar v ribniku \u00bbF\u00fcrstenbrunn\u00ab. Ribolov in \u010dolni so na voljo za najem, plen (\u0161arenka in poto\u010dna postrv, oglevec in krap) pa je potrebno dokupiti. V ribi\u0161ki ko\u010di si nato privo\u0161\u010dite ribe pe\u010dene na \u017earu ali direktno dimljene. Na\u0161 Peter vam bo ribe okusno pripravil. No potem OBROK! Informacije o cenah, datumih in podrobnostih najdete v po\u010ditni\u0161kem hotelu dru\u017eine Kohlmayr &#8220;Gasthof zur Post&#8221;.<\/p>\n<\/div>\n\n\n\n<div class=\"wp-block-column is-layout-flow wp-block-column-is-layout-flow\">\n<figure class=\"wp-block-image size-full caption-bottom\"><img decoding=\"async\" src=\"https:\/\/www.haus-meilinger.at\/wp-content\/uploads\/2023\/11\/Fischen.png\" alt=\"Ribolov v ribniku F\u00fcrstenbrunn v Obertauernu v salzbur\u0161ki de\u017eeli\" class=\"wp-image-689\"\/><figcaption class=\"wp-element-caption\">Ribolov<\/figcaption><\/figure>\n<\/div>\n<\/div>\n\n\n\n<div class=\"wp-block-columns is-layout-flex wp-container-core-columns-layout-7 wp-block-columns-is-layout-flex\">\n<div class=\"wp-block-column is-layout-flow wp-block-column-is-layout-flow\">\n<p><strong>Olimpijska baza Obertauern<\/strong><br>In za prave \u0161portne navdu\u0161ence je \u0161portni center Obertauern najbolj vro\u010d nasvet: vi\u0161inski trening kot priprava na tekmovanje ali preprosto kot popolna storitev za telo in du\u0161o na 1800 m! Med drugim je na voljo center za krepitev in fitnes z vrhunsko opremo in podporo olimpijske baze. Dvorana za rokomet, nogomet, odbojko in ko\u0161arko ter tenis, squash in badminton. Pa tudi dvorana za rokomet, nogomet, odbojko in ko\u0161arko ter tenis, squash in badminton. Masa\u017ene kabine in prostori za gimnastiko. Keglanje. Biljard. Solarij. V pustolovsko pokrajino kopali\u0161\u010d, savn in parnih kopeli&#8230;<\/p>\n<\/div>\n\n\n\n<div class=\"wp-block-column is-layout-flow wp-block-column-is-layout-flow\">\n<figure class=\"wp-block-image size-full caption-bottom\"><img decoding=\"async\" src=\"https:\/\/www.haus-meilinger.at\/wp-content\/uploads\/2023\/11\/Olympiastuetzpunkt.png\" alt=\"Olimpijska baza Obertauern: vi\u0161inske priprave, center za mo\u010d in fitnes, \u0161portna dvorana, do\u017eivljajski prostor za savno in parno kopel, masa\u017ene kabine in prostori za gimnastiko, ...\" class=\"wp-image-690\"\/><figcaption class=\"wp-element-caption\">Olimpijska baza<\/figcaption><\/figure>\n<\/div>\n<\/div>\n\n\n\n<div class=\"wp-block-columns is-layout-flex wp-container-core-columns-layout-8 wp-block-columns-is-layout-flex\">\n<div class=\"wp-block-column is-layout-flow wp-block-column-is-layout-flow\">\n<p><strong>I\u0161\u010dete \u0161portni izziv?<\/strong><br>Med 1639 in 2350 metri boste v Obertauernu na\u0161li vse, kar si srce pripravljeno na dopust po\u017eeli. Od obse\u017enih plezalnih tur do ribolova, od jahanja do ture z gorskim kolesom, od preproste hoje do elitnega golfa, ponudba prosto\u010dasnih aktivnosti ne pu\u0161\u010da \u017eelenega. \u010ce \u017eelite do\u017eiveti ve\u010d, lahko svojo \u017eejo po avanturah pote\u0161ite z jadralnim padalstvom, raftingom in soteskanjem.<\/p>\n<\/div>\n\n\n\n<div class=\"wp-block-column is-layout-flow wp-block-column-is-layout-flow\"><\/div>\n<\/div>\n<\/section>\n","protected":false},"excerpt":{"rendered":"<p>Aktivnosti v prostem \u010dasu 4-sede\u017enica Gr\u00fcnwaldkopf ObertauernUdobna sede\u017enica vas varno in hitro popelje v \u010dudovite gore in \u010dudovita gorska jezera. Izhodi\u0161\u010de za lahke pohode, panoramski razgledi, tri gorska jezera, gorska restavracija z otro\u0161kim igri\u0161\u010dem na Gr\u00fcnwaldseeju, prevoz koles in vozi\u010dkov je brezpla\u010den, psi so dovoljeni, SalzburgerLand Card velja. Sede\u017enica je na nasprotnem pobo\u010dju. Planinstvo in [&hellip;]<\/p>\n","protected":false},"author":1,"featured_media":0,"parent":0,"menu_order":0,"comment_status":"closed","ping_status":"closed","template":"","meta":{"footnotes":""},"aioseo_notices":[],"_links":{"self":[{"href":"https:\/\/www.haus-meilinger.at\/si\/wp-json\/wp\/v2\/pages\/85"}],"collection":[{"href":"https:\/\/www.haus-meilinger.at\/si\/wp-json\/wp\/v2\/pages"}],"about":[{"href":"https:\/\/www.haus-meilinger.at\/si\/wp-json\/wp\/v2\/types\/page"}],"author":[{"embeddable":true,"href":"https:\/\/www.haus-meilinger.at\/si\/wp-json\/wp\/v2\/users\/1"}],"replies":[{"embeddable":true,"href":"https:\/\/www.haus-meilinger.at\/si\/wp-json\/wp\/v2\/comments?post=85"}],"version-history":[{"count":2,"href":"https:\/\/www.haus-meilinger.at\/si\/wp-json\/wp\/v2\/pages\/85\/revisions"}],"predecessor-version":[{"id":191,"href":"https:\/\/www.haus-meilinger.at\/si\/wp-json\/wp\/v2\/pages\/85\/revisions\/191"}],"wp:attachment":[{"href":"https:\/\/www.haus-meilinger.at\/si\/wp-json\/wp\/v2\/media?parent=85"}],"curies":[{"name":"wp","href":"https:\/\/api.w.org\/{rel}","templated":true}]}}