{"id":77,"date":"2023-12-05T14:33:37","date_gmt":"2023-12-05T13:33:37","guid":{"rendered":"https:\/\/haus-meilinger.at\/si\/?page_id=77"},"modified":"2023-12-06T13:12:03","modified_gmt":"2023-12-06T12:12:03","slug":"slike-okolice","status":"publish","type":"page","link":"https:\/\/www.haus-meilinger.at\/si\/slike-okolice\/","title":{"rendered":"Slike okolice"},"content":{"rendered":"\n<h2 class=\"wp-block-heading\">Slike<\/h2>\n\n\n<div class=\"menu-bildernavigation-container\"><ul id=\"menu-bildernavigation\" class=\"menu\"><li id=\"menu-item-123\" class=\"menu-item menu-item-type-post_type menu-item-object-page menu-item-123\"><a href=\"https:\/\/www.haus-meilinger.at\/si\/slike-apartma1\/\">Apartma 1 s savno<\/a><\/li>\n<li id=\"menu-item-122\" class=\"menu-item menu-item-type-post_type menu-item-object-page menu-item-122\"><a href=\"https:\/\/www.haus-meilinger.at\/si\/slike-apartma2\/\">Apartma 2<\/a><\/li>\n<li id=\"menu-item-121\" class=\"menu-item menu-item-type-post_type menu-item-object-page menu-item-121\"><a href=\"https:\/\/www.haus-meilinger.at\/si\/slike-apartma3\/\">Apartma 3<\/a><\/li>\n<li id=\"menu-item-119\" class=\"menu-item menu-item-type-post_type menu-item-object-page menu-item-119\"><a href=\"https:\/\/www.haus-meilinger.at\/si\/slike-zunanjega-pogleda\/\">Zunanjega pogleda<\/a><\/li>\n<li id=\"menu-item-124\" class=\"menu-item menu-item-type-post_type menu-item-object-page menu-item-124\"><a href=\"https:\/\/www.haus-meilinger.at\/si\/slike-panoramski-pogled\/\">Panoramski pogled<\/a><\/li>\n<li id=\"menu-item-120\" class=\"menu-item menu-item-type-post_type menu-item-object-page menu-item-120\"><a href=\"https:\/\/www.haus-meilinger.at\/si\/slike-okolice\/\">Okolice<\/a><\/li>\n<\/ul><\/div>\n\n\n\n<section id=\"umgebung\" class=\"wp-block-group is-layout-flow wp-block-group-is-layout-flow\">\n<figure class=\"wp-block-image size-full\"><img decoding=\"async\" src=\"https:\/\/www.haus-meilinger.at\/wp-content\/uploads\/2023\/06\/Berge-bei-Obertauern.jpg\" alt=\"Po\u010ditni\u0161ka hi\u0161a Meilinger v Obertauernu \u2013 gore v okolici\" class=\"wp-image-403\"\/><\/figure>\n\n\n\n<div class=\"wp-block-columns is-layout-flex wp-container-core-columns-layout-1 wp-block-columns-is-layout-flex\">\n<div class=\"wp-block-column is-layout-flow wp-block-column-is-layout-flow\">\n<figure class=\"wp-block-image size-full\"><img decoding=\"async\" src=\"https:\/\/www.haus-meilinger.at\/wp-content\/uploads\/2023\/06\/Sonnenuntergang-bei-Obertauern.jpg\" alt=\"Son\u010dni zahod v bli\u017eini po\u010ditni\u0161ke hi\u0161e Meilinger v Obertauernu\" class=\"wp-image-405\"\/><\/figure>\n<\/div>\n\n\n\n<div class=\"wp-block-column is-layout-flow wp-block-column-is-layout-flow\">\n<figure class=\"wp-block-image size-full\"><img decoding=\"async\" src=\"https:\/\/www.haus-meilinger.at\/wp-content\/uploads\/2023\/06\/Bergsee-im-Salzburger-Land.jpg\" alt=\"Po\u010ditni\u0161ka hi\u0161a Meilinger v Salzbur\u0161ki de\u017eeli \u2013\nGorsko jezero v okolici\n\" class=\"wp-image-406\"\/><\/figure>\n<\/div>\n<\/div>\n\n\n\n<div class=\"wp-block-columns is-layout-flex wp-container-core-columns-layout-2 wp-block-columns-is-layout-flex\">\n<div class=\"wp-block-column is-layout-flow wp-block-column-is-layout-flow\">\n<figure class=\"wp-block-image size-full\"><img decoding=\"async\" src=\"https:\/\/www.haus-meilinger.at\/wp-content\/uploads\/2023\/06\/Alpen-in-Oesterreich-mit-Bergsee.jpg\" alt=\"Gorsko jezero v bli\u017eini po\u010ditni\u0161ke hi\u0161e Meilinger v Avstriji\" class=\"wp-image-407\"\/><\/figure>\n<\/div>\n\n\n\n<div class=\"wp-block-column is-layout-flow wp-block-column-is-layout-flow\">\n<figure class=\"wp-block-image size-full\"><img decoding=\"async\" src=\"https:\/\/www.haus-meilinger.at\/wp-content\/uploads\/2023\/06\/Sommerstimmung-in-den-oesterreichischen-Alpen.jpg\" alt=\"Po\u010ditni\u0161ka hi\u0161a Meilinger v avstrijskih Alpah \u2013\nPoletni ob\u010dutek\n\n\n\" class=\"wp-image-408\"\/><\/figure>\n<\/div>\n<\/div>\n\n\n\n<div class=\"wp-block-columns is-layout-flex wp-container-core-columns-layout-3 wp-block-columns-is-layout-flex\">\n<div class=\"wp-block-column is-layout-flow wp-block-column-is-layout-flow\">\n<figure class=\"wp-block-image size-full\"><img decoding=\"async\" src=\"https:\/\/www.haus-meilinger.at\/wp-content\/uploads\/2023\/06\/Abendstimmung-im-Salzburger-Land.jpg\" alt=\"Ve\u010derno vzdu\u0161je v bli\u017eini po\u010ditni\u0161ke hi\u0161e Meilinger v Salzbur\u0161ki de\u017eeli\" class=\"wp-image-409\"\/><\/figure>\n<\/div>\n\n\n\n<div class=\"wp-block-column is-layout-flow wp-block-column-is-layout-flow\">\n<figure class=\"wp-block-image size-full\"><img decoding=\"async\" src=\"https:\/\/www.haus-meilinger.at\/wp-content\/uploads\/2023\/06\/Pulverschnee-im-Skigebiet-Obertauern.jpg\" alt=\"Po\u010ditni\u0161ka hi\u0161a Meilinger v Obertauernu \u2013 zimski \u0161porti in sneg\" class=\"wp-image-410\"\/><\/figure>\n<\/div>\n<\/div>\n\n\n\n<div class=\"wp-block-columns is-layout-flex wp-container-core-columns-layout-4 wp-block-columns-is-layout-flex\">\n<div class=\"wp-block-column is-layout-flow wp-block-column-is-layout-flow\">\n<figure class=\"wp-block-image size-full\"><img decoding=\"async\" src=\"https:\/\/www.haus-meilinger.at\/wp-content\/uploads\/2023\/06\/Winterwandern-und-Skilanglauf-bei-Obertauern.jpg\" alt=\"Po\u010ditni\u0161ka hi\u0161a Meilinger v Obertauernu v Salzbur\u0161ki de\u017eeli \u2013 zimsko pohodni\u0161tvo in tek na smu\u010deh\" class=\"wp-image-411\"\/><\/figure>\n<\/div>\n\n\n\n<div class=\"wp-block-column is-layout-flow wp-block-column-is-layout-flow\">\n<figure class=\"wp-block-image size-full\"><img decoding=\"async\" src=\"https:\/\/www.haus-meilinger.at\/wp-content\/uploads\/2023\/06\/Winterstimmung-in-den-oesterreichischen-Alpen.jpg\" alt=\"Po\u010ditni\u0161ka hi\u0161a Meilinger v avstrijskih Alpah \u2013 Zimsko razpolo\u017eenje\n\" class=\"wp-image-412\"\/><\/figure>\n<\/div>\n<\/div>\n<\/section>\n","protected":false},"excerpt":{"rendered":"","protected":false},"author":1,"featured_media":0,"parent":0,"menu_order":0,"comment_status":"closed","ping_status":"closed","template":"","meta":{"footnotes":""},"aioseo_notices":[],"_links":{"self":[{"href":"https:\/\/www.haus-meilinger.at\/si\/wp-json\/wp\/v2\/pages\/77"}],"collection":[{"href":"https:\/\/www.haus-meilinger.at\/si\/wp-json\/wp\/v2\/pages"}],"about":[{"href":"https:\/\/www.haus-meilinger.at\/si\/wp-json\/wp\/v2\/types\/page"}],"author":[{"embeddable":true,"href":"https:\/\/www.haus-meilinger.at\/si\/wp-json\/wp\/v2\/users\/1"}],"replies":[{"embeddable":true,"href":"https:\/\/www.haus-meilinger.at\/si\/wp-json\/wp\/v2\/comments?post=77"}],"version-history":[{"count":2,"href":"https:\/\/www.haus-meilinger.at\/si\/wp-json\/wp\/v2\/pages\/77\/revisions"}],"predecessor-version":[{"id":189,"href":"https:\/\/www.haus-meilinger.at\/si\/wp-json\/wp\/v2\/pages\/77\/revisions\/189"}],"wp:attachment":[{"href":"https:\/\/www.haus-meilinger.at\/si\/wp-json\/wp\/v2\/media?parent=77"}],"curies":[{"name":"wp","href":"https:\/\/api.w.org\/{rel}","templated":true}]}}