{"id":75,"date":"2023-12-05T14:32:34","date_gmt":"2023-12-05T13:32:34","guid":{"rendered":"https:\/\/haus-meilinger.at\/si\/?page_id=75"},"modified":"2023-12-06T12:55:17","modified_gmt":"2023-12-06T11:55:17","slug":"slike-apartma3","status":"publish","type":"page","link":"https:\/\/www.haus-meilinger.at\/si\/slike-apartma3\/","title":{"rendered":"Slike Apartma 3"},"content":{"rendered":"\n<h2 class=\"wp-block-heading\">Slike<\/h2>\n\n\n<div class=\"menu-bildernavigation-container\"><ul id=\"menu-bildernavigation\" class=\"menu\"><li id=\"menu-item-123\" class=\"menu-item menu-item-type-post_type menu-item-object-page menu-item-123\"><a href=\"https:\/\/www.haus-meilinger.at\/si\/slike-apartma1\/\">Apartma 1 s savno<\/a><\/li>\n<li id=\"menu-item-122\" class=\"menu-item menu-item-type-post_type menu-item-object-page menu-item-122\"><a href=\"https:\/\/www.haus-meilinger.at\/si\/slike-apartma2\/\">Apartma 2<\/a><\/li>\n<li id=\"menu-item-121\" class=\"menu-item menu-item-type-post_type menu-item-object-page menu-item-121\"><a href=\"https:\/\/www.haus-meilinger.at\/si\/slike-apartma3\/\">Apartma 3<\/a><\/li>\n<li id=\"menu-item-119\" class=\"menu-item menu-item-type-post_type menu-item-object-page menu-item-119\"><a href=\"https:\/\/www.haus-meilinger.at\/si\/slike-zunanjega-pogleda\/\">Zunanjega pogleda<\/a><\/li>\n<li id=\"menu-item-124\" class=\"menu-item menu-item-type-post_type menu-item-object-page menu-item-124\"><a href=\"https:\/\/www.haus-meilinger.at\/si\/slike-panoramski-pogled\/\">Panoramski pogled<\/a><\/li>\n<li id=\"menu-item-120\" class=\"menu-item menu-item-type-post_type menu-item-object-page menu-item-120\"><a href=\"https:\/\/www.haus-meilinger.at\/si\/slike-okolice\/\">Okolice<\/a><\/li>\n<\/ul><\/div>\n\n\n\n<section id=\"bilder\" class=\"wp-block-group is-layout-flow wp-block-group-is-layout-flow\">\n<figure class=\"wp-block-image size-full\"><img decoding=\"async\" src=\"https:\/\/www.haus-meilinger.at\/wp-content\/uploads\/2023\/06\/Wohnung3-Wohnbereich-mit-Kueche-und-Maisonetteaufgang-1.jpg\" alt=\"Po\u010ditni\u0161ka hi\u0161a Meilinger v Obertauernu \u2013 Apartma 3 bivalni prostor s kuhinjo in stopni\u0161\u010dem dvoeta\u017ene sobe\" class=\"wp-image-391\"\/><\/figure>\n\n\n\n<figure class=\"wp-block-image size-full\"><img decoding=\"async\" src=\"https:\/\/www.haus-meilinger.at\/wp-content\/uploads\/2023\/06\/Wohnung3-Essbereich-und-Wohnbereich.jpg\" alt=\"Apartma3 - Jedilnica in dnevni prostor apartmaja2 v prvem nadstropju po\u010ditni\u0161ke hi\u0161e Meilinger v Obertauernu\" class=\"wp-image-392\"\/><\/figure>\n\n\n\n<figure class=\"wp-block-image size-full\"><img decoding=\"async\" src=\"https:\/\/www.haus-meilinger.at\/wp-content\/uploads\/2023\/06\/Wohnung3-Maisonette-Schlafzimmer.jpg\" alt=\"Po\u010ditni\u0161ka hi\u0161a Meilinger v Obertauernu \u2013 Mezoneta z enojnima posteljama pripada apartmaju 3\" class=\"wp-image-394\"\/><\/figure>\n\n\n\n<div class=\"wp-block-columns is-layout-flex wp-container-core-columns-layout-1 wp-block-columns-is-layout-flex\">\n<div class=\"wp-block-column is-layout-flow wp-block-column-is-layout-flow\">\n<figure class=\"wp-block-image size-full\"><img decoding=\"async\" src=\"https:\/\/www.haus-meilinger.at\/wp-content\/uploads\/2023\/06\/Wohnung3-Schlafzimmer.jpg\" alt=\"Po\u010ditni\u0161ka hi\u0161a Meilinger v Obertauernu \u2013 Ena spalnica v apartmaju 3\" class=\"wp-image-395\"\/><\/figure>\n<\/div>\n\n\n\n<div class=\"wp-block-column is-layout-flow wp-block-column-is-layout-flow\">\n<figure class=\"wp-block-image size-full\"><img decoding=\"async\" src=\"https:\/\/www.haus-meilinger.at\/wp-content\/uploads\/2023\/06\/Wohnung3-Maisonette-1.jpg\" alt=\"Mezoneta kot del apartmaja 3 v po\u010ditni\u0161ki hi\u0161i Meilinger v Obertauernu\" class=\"wp-image-396\"\/><\/figure>\n<\/div>\n<\/div>\n\n\n\n<div class=\"wp-block-columns is-layout-flex wp-container-core-columns-layout-2 wp-block-columns-is-layout-flex\">\n<div class=\"wp-block-column is-layout-flow wp-block-column-is-layout-flow\">\n<figure class=\"wp-block-image size-full\"><img decoding=\"async\" src=\"https:\/\/www.haus-meilinger.at\/wp-content\/uploads\/2023\/06\/Wohnung3-Wohnbereich-mit-Aussicht.jpg\" alt=\"Bivalni del apartmaja 3 s pogledom iz po\u010ditni\u0161ke hi\u0161e Meilinger v Obertauernu\" class=\"wp-image-397\"\/><\/figure>\n<\/div>\n\n\n\n<div class=\"wp-block-column is-layout-flow wp-block-column-is-layout-flow\"><\/div>\n<\/div>\n<\/section>\n\n\n\n<div id=\"panoramen\" class=\"wp-block-group is-layout-flow wp-block-group-is-layout-flow\">\n<p><strong><strong><strong>Panoramske fotografije \/ 360\u00b0 fotografije stanovanja 3<\/strong><\/strong><\/strong><\/p>\n\n\n\n<div class=\"wp-block-columns first is-layout-flex wp-container-core-columns-layout-3 wp-block-columns-is-layout-flex\">\n<div class=\"wp-block-column panorama-container is-layout-flow wp-block-column-is-layout-flow\">\n<div class=\"wp-block-group panorama is-layout-flow wp-block-group-is-layout-flow\">\n<p>Dnevna soba<\/p>\n\n\n\n<div class=\"BorlabsCookie _brlbs-cb-default\"><div class=\"_brlbs-content-blocker\"> <div class=\"_brlbs-default\"> <p>Click on the button to load the content from .<\/p> <p><a class=\"_brlbs-btn\" href=\"#\" data-borlabs-cookie-unblock role=\"button\">Load content<\/a><\/p> <\/div> <\/div><div class=\"borlabs-hide\" data-borlabs-cookie-type=\"content-blocker\" data-borlabs-cookie-id=\"default\"><script type=\"text\/template\">PGlmcmFtZSBsb2FkaW5nPSJsYXp5IiBzcmM9Ii93cC1jb250ZW50L3RoZW1lcy90d2VudHl0d2VudHl0aHJlZS1tZWlsaW5nZXItZmVyaWVuaGF1cy9hc3NldHMvcGFub3JhbWEvd29obnVuZzNfd29obnppbW1lci9Xb2huemltbWVyLmh0bWwiIHdpZHRoPSIxMDAlIiBoZWlnaHQ9IjkwJSIgZnJhbWVib3JkZXI9IjAiPjwvaWZyYW1lPg==<\/script><\/div><\/div>\n<\/div>\n<\/div>\n\n\n\n<div class=\"wp-block-column panorama-container is-layout-flow wp-block-column-is-layout-flow\">\n<div class=\"wp-block-group panorama is-layout-flow wp-block-group-is-layout-flow\">\n<p>Spalnica<\/p>\n\n\n\n<div class=\"BorlabsCookie _brlbs-cb-default\"><div class=\"_brlbs-content-blocker\"> <div class=\"_brlbs-default\"> <p>Click on the button to load the content from .<\/p> <p><a class=\"_brlbs-btn\" href=\"#\" data-borlabs-cookie-unblock role=\"button\">Load content<\/a><\/p> <\/div> <\/div><div class=\"borlabs-hide\" data-borlabs-cookie-type=\"content-blocker\" data-borlabs-cookie-id=\"default\"><script type=\"text\/template\">PGlmcmFtZSBsb2FkaW5nPSJsYXp5IiBzcmM9Ii93cC1jb250ZW50L3RoZW1lcy90d2VudHl0d2VudHl0aHJlZS1tZWlsaW5nZXItZmVyaWVuaGF1cy9hc3NldHMvcGFub3JhbWEvd29obnVuZzNfc2NobGFmemltbWVyL1NjaGxhZnppbW1lci5odG1sIiB3aWR0aD0iMTAwJSIgaGVpZ2h0PSI5MCUiIGZyYW1lYm9yZGVyPSIwIj48L2lmcmFtZT4=<\/script><\/div><\/div>\n<\/div>\n<\/div>\n<\/div>\n\n\n\n<div class=\"wp-block-columns is-layout-flex wp-container-core-columns-layout-4 wp-block-columns-is-layout-flex\">\n<div class=\"wp-block-column panorama-container is-layout-flow wp-block-column-is-layout-flow\">\n<div class=\"wp-block-group panorama is-layout-flow wp-block-group-is-layout-flow\">\n<p>Zgornje nadstropje<\/p>\n\n\n\n<div class=\"BorlabsCookie _brlbs-cb-default\"><div class=\"_brlbs-content-blocker\"> <div class=\"_brlbs-default\"> <p>Click on the button to load the content from .<\/p> <p><a class=\"_brlbs-btn\" href=\"#\" data-borlabs-cookie-unblock role=\"button\">Load content<\/a><\/p> <\/div> <\/div><div class=\"borlabs-hide\" data-borlabs-cookie-type=\"content-blocker\" data-borlabs-cookie-id=\"default\"><script type=\"text\/template\">PGlmcmFtZSBsb2FkaW5nPSJsYXp5IiBzcmM9Ii93cC1jb250ZW50L3RoZW1lcy90d2VudHl0d2VudHl0aHJlZS1tZWlsaW5nZXItZmVyaWVuaGF1cy9hc3NldHMvcGFub3JhbWEvd29obnVuZzNfb2Jlcmdlc2Nob3NzL09iZXJnZXNjaG9zcy5odG1sIiB3aWR0aD0iMTAwJSIgaGVpZ2h0PSI5MCUiIGZyYW1lYm9yZGVyPSIwIj48L2lmcmFtZT4=<\/script><\/div><\/div>\n<\/div>\n<\/div>\n\n\n\n<div class=\"wp-block-column panorama-container is-layout-flow wp-block-column-is-layout-flow\">\n<div class=\"wp-block-group panorama is-layout-flow wp-block-group-is-layout-flow\">\n<p>Panorama<\/p>\n\n\n\n<div class=\"BorlabsCookie _brlbs-cb-default\"><div class=\"_brlbs-content-blocker\"> <div class=\"_brlbs-default\"> <p>Click on the button to load the content from .<\/p> <p><a class=\"_brlbs-btn\" href=\"#\" data-borlabs-cookie-unblock role=\"button\">Load content<\/a><\/p> <\/div> <\/div><div class=\"borlabs-hide\" data-borlabs-cookie-type=\"content-blocker\" data-borlabs-cookie-id=\"default\"><script type=\"text\/template\">PGlmcmFtZSBsb2FkaW5nPSJsYXp5IiBzcmM9Ii93cC1jb250ZW50L3RoZW1lcy90d2VudHl0d2VudHl0aHJlZS1tZWlsaW5nZXItZmVyaWVuaGF1cy9hc3NldHMvcGFub3JhbWEvd29obnVuZzNfcGFub3JhbWEvUGFub3JhbWEuaHRtbCIgd2lkdGg9IjEwMCUiIGhlaWdodD0iOTAlIiBmcmFtZWJvcmRlcj0iMCI+PC9pZnJhbWU+<\/script><\/div><\/div>\n<\/div>\n<\/div>\n<\/div>\n<\/div>\n","protected":false},"excerpt":{"rendered":"<p>Panoramske fotografije \/ 360\u00b0 fotografije stanovanja 3 Dnevna soba Click on the button to load the content from . Load content Spalnica Click on the button to load the content from . Load content Zgornje nadstropje Click on the button to load the content from . Load content Panorama Click on the button to load [&hellip;]<\/p>\n","protected":false},"author":1,"featured_media":0,"parent":0,"menu_order":0,"comment_status":"closed","ping_status":"closed","template":"","meta":{"footnotes":""},"aioseo_notices":[],"_links":{"self":[{"href":"https:\/\/www.haus-meilinger.at\/si\/wp-json\/wp\/v2\/pages\/75"}],"collection":[{"href":"https:\/\/www.haus-meilinger.at\/si\/wp-json\/wp\/v2\/pages"}],"about":[{"href":"https:\/\/www.haus-meilinger.at\/si\/wp-json\/wp\/v2\/types\/page"}],"author":[{"embeddable":true,"href":"https:\/\/www.haus-meilinger.at\/si\/wp-json\/wp\/v2\/users\/1"}],"replies":[{"embeddable":true,"href":"https:\/\/www.haus-meilinger.at\/si\/wp-json\/wp\/v2\/comments?post=75"}],"version-history":[{"count":2,"href":"https:\/\/www.haus-meilinger.at\/si\/wp-json\/wp\/v2\/pages\/75\/revisions"}],"predecessor-version":[{"id":185,"href":"https:\/\/www.haus-meilinger.at\/si\/wp-json\/wp\/v2\/pages\/75\/revisions\/185"}],"wp:attachment":[{"href":"https:\/\/www.haus-meilinger.at\/si\/wp-json\/wp\/v2\/media?parent=75"}],"curies":[{"name":"wp","href":"https:\/\/api.w.org\/{rel}","templated":true}]}}