{"id":67,"date":"2023-12-05T14:28:03","date_gmt":"2023-12-05T13:28:03","guid":{"rendered":"https:\/\/haus-meilinger.at\/si\/?page_id=67"},"modified":"2024-10-04T20:23:32","modified_gmt":"2024-10-04T18:23:32","slug":"odtis","status":"publish","type":"page","link":"https:\/\/www.haus-meilinger.at\/si\/odtis\/","title":{"rendered":"Odtis"},"content":{"rendered":"\n<section class=\"wp-block-group single-track has-global-padding is-layout-constrained wp-block-group-is-layout-constrained\">\n<h1 class=\"wp-block-heading\">Odtis<\/h1>\n\n\n\n<h2 class=\"wp-block-heading\">Odgovorna za vsebino<\/h2>\n\n\n\n<p>Familie Meilinger<br>Heimgarten 17<br>82327 Tutzing<\/p>\n\n\n\n<p>Tel.: <a class=\"telephone\" href=\"tel:+491725987303\">+49 (0)172 \/ 5987303<\/a><br><a class=\"email\" href=\"mailto:info@haus-meilinger.at\">info@haus-meilinger.at<\/a><br><a href=\"www.haus-meilinger.at\">www.haus-meilinger.at<\/a><\/p>\n\n\n\n<h2 class=\"wp-block-heading\">Oblikovanje in programiranje<\/h2>\n\n\n\n<p>Koncept &amp; grafi\u010dno<br><a href=\"http:\/\/peilstoecker-design.de\" target=\"blank\" rel=\"noopener\">peilst\u00f6cker design: Claus Peilst\u00f6cker &gt;<\/a><\/p>\n\n\n\n<p>Izvajanje <br><a href=\"http:\/\/datenwege-informatik.de\" target=\"blank\" rel=\"noopener\">Datenwege Informatik Webentwicklung  &gt;<\/a><\/p>\n\n\n\n<h2 class=\"wp-block-heading\">Optimizacija iskalnikov<\/h2>\n\n\n\n<p>weblike Internetagentur<br>Zenettistr. 48<br>80337 M\u00fcnchen<\/p>\n\n\n\n<p> Tel.: <a href=\"tel: \">089 \/ 7677444-8<\/a>&gt;<br><a href=\"mailto: info@weblike.de\"> info@weblike.de <\/a><br><a href=\"www.weblike.de\">www.weblike.de<\/a><\/p>\n\n\n\n<h2 class=\"wp-block-heading\">Zavrnitev odgovornosti<\/h2>\n\n\n\n<h3 class=\"wp-block-heading\">Odgovornost za vsebino<\/h3>\n\n\n\n<p>Vsebina na\u0161ih strani je bila ustvarjena z veliko skrbjo. Ne moremo pa zagotoviti, da je vsebina pravilna, popolna ali posodobljena. Kot ponudnik storitev smo odgovorni za lastno vsebino na teh straneh v skladu s splo\u0161nimi zakoni v skladu s \u010dlenom 7, odstavek 1 TMG. Vendar v skladu z razdelki 8 do 10 TMG kot ponudnik storitev nismo dol\u017eni spremljati posredovanih ali shranjenih informacij tretjih oseb ali preiskovati okoli\u0161\u010din, ki ka\u017eejo na nezakonito dejavnost. Obveznosti odstranitve ali blokiranja uporabe informacij v skladu s splo\u0161no zakonodajo ostanejo nespremenjene. Odgovornost v zvezi s tem pa je mo\u017ena \u0161ele od trenutka, ko se izvede za konkretno zakonsko kr\u0161itev. \u010ce bomo izvedeli za kakr\u0161ne koli ustrezne pravne kr\u0161itve, bomo to vsebino takoj odstranili.<\/p>\n\n\n\n<h3 class=\"wp-block-heading\">Odgovornost za povezave<\/h3>\n\n\n\n<p>Na\u0161a ponudba vsebuje povezave do zunanjih spletnih mest tretjih oseb, na katerih vsebino nimamo vpliva. Zato ne moremo prevzeti nobene odgovornosti za to zunanjo vsebino. Za vsebino povezanih strani je vedno odgovoren zadevni ponudnik ali upravljavec strani. Povezane strani so bile v \u010dasu povezovanja preverjene glede morebitnih zakonskih kr\u0161itev. Nezakonita vsebina v \u010dasu povezovanja ni bila o\u010ditna. Vendar je stalni nadzor nad vsebino povezanih strani nesmiseln brez konkretnih dokazov o pravni kr\u0161itvi. \u010ce bomo izvedeli za kakr\u0161ne koli pravne kr\u0161itve, bomo take povezave nemudoma odstranili.<\/p>\n\n\n\n<h3 class=\"wp-block-heading\">Avtorske pravice<\/h3>\n\n\n\n<p>Vsebina in dela na teh straneh, ki so jih ustvarili upravljavci spletnega mesta, so predmet nem\u0161kega zakona o avtorskih pravicah. Za reprodukcijo, predelavo, distribucijo in kakr\u0161no koli izkori\u0161\u010danje izven meja avtorskega prava je potrebno pisno soglasje zadevnega avtorja ali ustvarjalca. Prenosi in kopije te strani so dovoljeni samo za zasebno, nekomercialno uporabo. \u010ce vsebine na tem spletnem mestu ni ustvaril upravljavec, se spo\u0161tujejo avtorske pravice tretjih oseb. Zlasti vsebine tretjih oseb so ozna\u010dene kot take. \u010ce bi kljub temu izvedeli za kr\u0161itev avtorskih pravic, vas prosimo, da nas o tem obvestite. \u010ce bomo izvedeli za kakr\u0161no koli zakonsko kr\u0161itev, bomo tak\u0161no vsebino takoj odstranili.<\/p>\n\n\n\n<p>Viri: Zavrnitev odgovornosti <a href=\"https:\/\/www.e-recht24.de\" target=\"blank\" rel=\"noopener\">eRecht24<\/a>, portala za internetno pravo odvetnika S\u00f6rena Sieberta<\/p>\n<\/section>\n","protected":false},"excerpt":{"rendered":"<p>Odtis Odgovorna za vsebino Familie MeilingerHeimgarten 1782327 Tutzing Tel.: +49 (0)172 \/ 5987303info@haus-meilinger.atwww.haus-meilinger.at Oblikovanje in programiranje Koncept &amp; grafi\u010dnopeilst\u00f6cker design: Claus Peilst\u00f6cker &gt; Izvajanje Datenwege Informatik Webentwicklung &gt; Optimizacija iskalnikov weblike InternetagenturZenettistr. 4880337 M\u00fcnchen Tel.: 089 \/ 7677444-8&gt; info@weblike.de www.weblike.de Zavrnitev odgovornosti Odgovornost za vsebino Vsebina na\u0161ih strani je bila ustvarjena z veliko skrbjo. Ne [&hellip;]<\/p>\n","protected":false},"author":1,"featured_media":0,"parent":0,"menu_order":0,"comment_status":"closed","ping_status":"closed","template":"","meta":{"footnotes":""},"aioseo_notices":[],"_links":{"self":[{"href":"https:\/\/www.haus-meilinger.at\/si\/wp-json\/wp\/v2\/pages\/67"}],"collection":[{"href":"https:\/\/www.haus-meilinger.at\/si\/wp-json\/wp\/v2\/pages"}],"about":[{"href":"https:\/\/www.haus-meilinger.at\/si\/wp-json\/wp\/v2\/types\/page"}],"author":[{"embeddable":true,"href":"https:\/\/www.haus-meilinger.at\/si\/wp-json\/wp\/v2\/users\/1"}],"replies":[{"embeddable":true,"href":"https:\/\/www.haus-meilinger.at\/si\/wp-json\/wp\/v2\/comments?post=67"}],"version-history":[{"count":3,"href":"https:\/\/www.haus-meilinger.at\/si\/wp-json\/wp\/v2\/pages\/67\/revisions"}],"predecessor-version":[{"id":205,"href":"https:\/\/www.haus-meilinger.at\/si\/wp-json\/wp\/v2\/pages\/67\/revisions\/205"}],"wp:attachment":[{"href":"https:\/\/www.haus-meilinger.at\/si\/wp-json\/wp\/v2\/media?parent=67"}],"curies":[{"name":"wp","href":"https:\/\/api.w.org\/{rel}","templated":true}]}}